{"id":2056,"date":"2024-10-10T05:59:45","date_gmt":"2024-10-10T05:59:45","guid":{"rendered":"https:\/\/deganic.org\/?page_id=2056"},"modified":"2024-10-15T12:52:32","modified_gmt":"2024-10-15T12:52:32","slug":"global-logistics","status":"publish","type":"page","link":"https:\/\/deganic.org\/es\/global-logistics\/","title":{"rendered":"Log\u00edstica global"},"content":{"rendered":"<div data-elementor-type=\"wp-page\" data-elementor-id=\"2056\" class=\"elementor elementor-2056\">\n\t\t\t\t<div class=\"elementor-element elementor-element-7eb71ac e-con-full e-flex e-con e-parent\" data-id=\"7eb71ac\" data-element_type=\"container\">\n\t\t\t\t<div class=\"elementor-element elementor-element-c0682a5 elementor-widget__width-initial elementor-arrows-position-inside elementor-widget elementor-widget-image-carousel\" data-id=\"c0682a5\" data-element_type=\"widget\" data-settings=\"{&quot;slides_to_show&quot;:&quot;1&quot;,&quot;navigation&quot;:&quot;arrows&quot;,&quot;autoplay_speed&quot;:1500,&quot;autoplay&quot;:&quot;yes&quot;,&quot;pause_on_hover&quot;:&quot;yes&quot;,&quot;pause_on_interaction&quot;:&quot;yes&quot;,&quot;infinite&quot;:&quot;yes&quot;,&quot;effect&quot;:&quot;slide&quot;,&quot;speed&quot;:500}\" data-widget_type=\"image-carousel.default\">\n\t\t\t\t<div class=\"elementor-widget-container\">\n\t\t\t\t\t<div class=\"elementor-image-carousel-wrapper swiper\" dir=\"ltr\">\n\t\t\t<div class=\"elementor-image-carousel swiper-wrapper swiper-image-stretch\" aria-live=\"off\">\n\t\t\t\t\t\t\t\t<div class=\"swiper-slide\" role=\"group\" aria-roledescription=\"slide\" aria-label=\"1 de 3\"><figure class=\"swiper-slide-inner\"><img decoding=\"async\" class=\"swiper-slide-image\" src=\"https:\/\/deganic.org\/wp-content\/uploads\/2024\/10\/Banner-1-3.png\" alt=\"Banner 1\" \/><\/figure><\/div><div class=\"swiper-slide\" role=\"group\" aria-roledescription=\"slide\" aria-label=\"2 de 3\"><figure class=\"swiper-slide-inner\"><img decoding=\"async\" class=\"swiper-slide-image\" src=\"https:\/\/deganic.org\/wp-content\/uploads\/2024\/10\/Banner-3-1.png\" alt=\"Banner 3\" \/><\/figure><\/div><div class=\"swiper-slide\" role=\"group\" aria-roledescription=\"slide\" aria-label=\"3 de 3\"><figure class=\"swiper-slide-inner\"><img decoding=\"async\" class=\"swiper-slide-image\" src=\"https:\/\/deganic.org\/wp-content\/uploads\/2024\/10\/Banner-2-1.png\" alt=\"Banner 2\" \/><\/figure><\/div>\t\t\t<\/div>\n\t\t\t\t\t\t\t\t\t\t\t\t<div class=\"elementor-swiper-button elementor-swiper-button-prev\" role=\"button\" tabindex=\"0\">\n\t\t\t\t\t\t<svg aria-hidden=\"true\" class=\"e-font-icon-svg e-eicon-chevron-left\" viewbox=\"0 0 1000 1000\" xmlns=\"http:\/\/www.w3.org\/2000\/svg\"><path d=\"M646 125C629 125 613 133 604 142L308 442C296 454 292 471 292 487 292 504 296 521 308 533L604 854C617 867 629 875 646 875 663 875 679 871 692 858 704 846 713 829 713 812 713 796 708 779 692 767L438 487 692 225C700 217 708 204 708 187 708 171 704 154 692 142 675 129 663 125 646 125Z\"><\/path><\/svg>\t\t\t\t\t<\/div>\n\t\t\t\t\t<div class=\"elementor-swiper-button elementor-swiper-button-next\" role=\"button\" tabindex=\"0\">\n\t\t\t\t\t\t<svg aria-hidden=\"true\" class=\"e-font-icon-svg e-eicon-chevron-right\" viewbox=\"0 0 1000 1000\" xmlns=\"http:\/\/www.w3.org\/2000\/svg\"><path d=\"M696 533C708 521 713 504 713 487 713 471 708 454 696 446L400 146C388 133 375 125 354 125 338 125 325 129 313 142 300 154 292 171 292 187 292 204 296 221 308 233L563 492 304 771C292 783 288 800 288 817 288 833 296 850 308 863 321 871 338 875 354 875 371 875 388 867 400 854L696 533Z\"><\/path><\/svg>\t\t\t\t\t<\/div>\n\t\t\t\t\n\t\t\t\t\t\t\t\t\t<\/div>\n\t\t\t\t<\/div>\n\t\t\t\t<\/div>\n\t\t\t\t<\/div>\n\t\t<div class=\"elementor-element elementor-element-84e73b2 e-flex e-con-boxed e-con e-parent\" data-id=\"84e73b2\" data-element_type=\"container\">\n\t\t\t\t\t<div class=\"e-con-inner\">\n\t\t<div class=\"elementor-element elementor-element-6f2360c e-con-full e-flex e-con e-child\" data-id=\"6f2360c\" data-element_type=\"container\">\n\t\t\t\t<div class=\"elementor-element elementor-element-aaf4049 elementor-widget elementor-widget-heading\" data-id=\"aaf4049\" data-element_type=\"widget\" data-widget_type=\"heading.default\">\n\t\t\t\t<div class=\"elementor-widget-container\">\n\t\t\t<h4 class=\"elementor-heading-title elementor-size-default\">Elevando la distribuci\u00f3n de productos frescos: Alcance global con una log\u00edstica fluida.\n<\/h4>\t\t<\/div>\n\t\t\t\t<\/div>\n\t\t\t\t<div class=\"elementor-element elementor-element-3badb1d elementor-widget elementor-widget-text-editor\" data-id=\"3badb1d\" data-element_type=\"widget\" data-widget_type=\"text-editor.default\">\n\t\t\t\t<div class=\"elementor-widget-container\">\n\t\t\t\t\t\t\t<p>En el mundo acelerado de hoy, la capacidad de mover productos frescos r\u00e1pidamente y de manera eficiente a trav\u00e9s de los mercados globales es esencial. Los consumidores y los negocios demandan lo mismo: no solo productos de calidad, sino tambi\u00e9n entregas oportunas. Al entender esto, hemos perfeccionado nuestros procesos log\u00edsticos para asegurar que nuestros productos frescos se entreguen a su destino en excelentes condiciones, sin importar d\u00f3nde est\u00e9n en el mundo. Nuestro enfoque est\u00e1 centrado en el alcance global y en una log\u00edstica fluida; est\u00e1 dise\u00f1ado para satisfacer las necesidades cambiantes del mercado moderno.<\/p>\t\t\t\t\t\t<\/div>\n\t\t\t\t<\/div>\n\t\t\t\t<\/div>\n\t\t<div class=\"elementor-element elementor-element-bc1b11b e-con-full e-flex e-con e-child\" data-id=\"bc1b11b\" data-element_type=\"container\">\n\t\t\t\t<div class=\"elementor-element elementor-element-af69c69 elementor-widget elementor-widget-heading\" data-id=\"af69c69\" data-element_type=\"widget\" data-widget_type=\"heading.default\">\n\t\t\t\t<div class=\"elementor-widget-container\">\n\t\t\t<h4 class=\"elementor-heading-title elementor-size-default\">Conectando mercados globales sin esfuerzo.\n<\/h4>\t\t<\/div>\n\t\t\t\t<\/div>\n\t\t\t\t<div class=\"elementor-element elementor-element-14457c0 elementor-widget elementor-widget-text-editor\" data-id=\"14457c0\" data-element_type=\"widget\" data-widget_type=\"text-editor.default\">\n\t\t\t\t<div class=\"elementor-widget-container\">\n\t\t\t\t\t\t\t<p>El mercado global es vasto y variado, y presenta tantas oportunidades como retos en la distribuci\u00f3n de productos frescos. Nuestra red log\u00edstica est\u00e1 construida sobre una base de eficiencia y confiabilidad, lo que asegura que los productos se muevan de la granja a la mesa con m\u00ednimos retrasos. Al aprovechar la tecnolog\u00eda avanzada y tener una comprensi\u00f3n profunda de los mercados internacionales, podemos conectar f\u00e1cilmente a los cultivadores con los consumidores de todo el mundo<\/p>\t\t\t\t\t\t<\/div>\n\t\t\t\t<\/div>\n\t\t\t\t<\/div>\n\t\t\t\t\t<\/div>\n\t\t\t\t<\/div>\n\t\t<div class=\"elementor-element elementor-element-5754234 e-flex e-con-boxed e-con e-parent\" data-id=\"5754234\" data-element_type=\"container\">\n\t\t\t\t\t<div class=\"e-con-inner\">\n\t\t<div class=\"elementor-element elementor-element-9e27340 e-con-full e-flex e-con e-child\" data-id=\"9e27340\" data-element_type=\"container\">\n\t\t\t\t<div class=\"elementor-element elementor-element-eff0abb elementor-widget elementor-widget-text-editor\" data-id=\"eff0abb\" data-element_type=\"widget\" data-widget_type=\"text-editor.default\">\n\t\t\t\t<div class=\"elementor-widget-container\">\n\t\t\t\t\t\t\t<p>Nuestras operaciones log\u00edsticas est\u00e1n dise\u00f1adas para navegar las complejidades del comercio internacional, incluidos los reglamentos aduaneros, los retos de transporte y las diferentes demandas del mercado. Esta experiencia nos permite ofrecer un nivel de servicio que asegura que los productos se entreguen a tiempo y mantengan su frescura y calidad durante todo el viaje. Ya sea un env\u00edo de verduras org\u00e1nicas a Europa o frutas tropicales a Asia, nuestra red est\u00e1 preparada para manejar f\u00e1cilmente la distribuci\u00f3n global.<\/p>\t\t\t\t\t\t<\/div>\n\t\t\t\t<\/div>\n\t\t\t\t<\/div>\n\t\t\t\t\t<\/div>\n\t\t\t\t<\/div>\n\t\t<div class=\"elementor-element elementor-element-6815971 e-flex e-con-boxed e-con e-parent\" data-id=\"6815971\" data-element_type=\"container\">\n\t\t\t\t\t<div class=\"e-con-inner\">\n\t\t\t\t<div class=\"elementor-element elementor-element-0fe8046 elementor-widget elementor-widget-image\" data-id=\"0fe8046\" data-element_type=\"widget\" data-widget_type=\"image.default\">\n\t\t\t\t<div class=\"elementor-widget-container\">\n\t\t\t\t\t\t\t\t\t\t\t\t\t<img fetchpriority=\"high\" decoding=\"async\" width=\"1000\" height=\"667\" src=\"https:\/\/deganic.org\/wp-content\/uploads\/2024\/10\/arno-senoner-oLS6IxceVNs-unsplash.jpg\" class=\"attachment-large size-large wp-image-2072\" alt=\"\" srcset=\"https:\/\/deganic.org\/wp-content\/uploads\/2024\/10\/arno-senoner-oLS6IxceVNs-unsplash.jpg 1000w, https:\/\/deganic.org\/wp-content\/uploads\/2024\/10\/arno-senoner-oLS6IxceVNs-unsplash-300x200.jpg 300w, https:\/\/deganic.org\/wp-content\/uploads\/2024\/10\/arno-senoner-oLS6IxceVNs-unsplash-768x512.jpg 768w, https:\/\/deganic.org\/wp-content\/uploads\/2024\/10\/arno-senoner-oLS6IxceVNs-unsplash-18x12.jpg 18w, https:\/\/deganic.org\/wp-content\/uploads\/2024\/10\/arno-senoner-oLS6IxceVNs-unsplash-400x268.jpg 400w\" sizes=\"(max-width: 1000px) 100vw, 1000px\" \/>\t\t\t\t\t\t\t\t\t\t\t\t\t<\/div>\n\t\t\t\t<\/div>\n\t\t\t\t\t<\/div>\n\t\t\t\t<\/div>\n\t\t<div class=\"elementor-element elementor-element-f0113db e-flex e-con-boxed e-con e-parent\" data-id=\"f0113db\" data-element_type=\"container\">\n\t\t\t\t\t<div class=\"e-con-inner\">\n\t\t<div class=\"elementor-element elementor-element-7655b1e e-con-full e-flex e-con e-child\" data-id=\"7655b1e\" data-element_type=\"container\">\n\t\t\t\t<div class=\"elementor-element elementor-element-b113d66 elementor-widget elementor-widget-heading\" data-id=\"b113d66\" data-element_type=\"widget\" data-widget_type=\"heading.default\">\n\t\t\t\t<div class=\"elementor-widget-container\">\n\t\t\t<h4 class=\"elementor-heading-title elementor-size-default\">Soluciones de env\u00edo confiables y adaptadas.\n<\/h4>\t\t<\/div>\n\t\t\t\t<\/div>\n\t\t\t\t<div class=\"elementor-element elementor-element-625a9f4 elementor-widget elementor-widget-text-editor\" data-id=\"625a9f4\" data-element_type=\"widget\" data-widget_type=\"text-editor.default\">\n\t\t\t\t<div class=\"elementor-widget-container\">\n\t\t\t\t\t\t\t<p>Ning\u00fan env\u00edo es igual a otro, Y por lo tanto ofrecemos soluciones de env\u00edo personalizadas y adaptadas a las necesidades espec\u00edficas de nuestros clientes. Entendemos que cada tipo de producto requiere un manejo diferente en cuanto a temperaturas y tiempos de tr\u00e1nsito. Nuestro equipo de log\u00edstica trabaja codo a codo con los clientes para dise\u00f1ar planes de env\u00edo que tengan en cuenta estas variables, asegurando que cada env\u00edo llegue en \u00f3ptimas condiciones.<\/p>\t\t\t\t\t\t<\/div>\n\t\t\t\t<\/div>\n\t\t\t\t<\/div>\n\t\t<div class=\"elementor-element elementor-element-5fc5171 e-con-full e-flex e-con e-child\" data-id=\"5fc5171\" data-element_type=\"container\">\n\t\t\t\t<div class=\"elementor-element elementor-element-0b6a3a6 elementor-widget elementor-widget-heading\" data-id=\"0b6a3a6\" data-element_type=\"widget\" data-widget_type=\"heading.default\">\n\t\t\t\t<div class=\"elementor-widget-container\">\n\t\t\t<h4 class=\"elementor-heading-title elementor-size-default\">Garantizando la calidad desde la granja hasta la mesa.\n<\/h4>\t\t<\/div>\n\t\t\t\t<\/div>\n\t\t\t\t<div class=\"elementor-element elementor-element-e45d536 elementor-widget elementor-widget-text-editor\" data-id=\"e45d536\" data-element_type=\"widget\" data-widget_type=\"text-editor.default\">\n\t\t\t\t<div class=\"elementor-widget-container\">\n\t\t\t\t\t\t\t<p>La calidad de los productos frescos es muy importante, y nuestras soluciones log\u00edsticas est\u00e1n dise\u00f1adas teniendo esto en cuenta. Desde el momento en que se cosecha el producto, empleamos las mejores pr\u00e1cticas de manipulaci\u00f3n, embalaje y transporte para preservar su frescura y valor nutricional. Nuestra red log\u00edstica incluye instalaciones y equipos de \u00faltima generaci\u00f3n para monitorear y mantener las condiciones ideales para cada tipo de producto, reduciendo el riesgo de deterioro o da\u00f1os durante el tr\u00e1nsito.<\/p>\t\t\t\t\t\t<\/div>\n\t\t\t\t<\/div>\n\t\t\t\t<\/div>\n\t\t\t\t\t<\/div>\n\t\t\t\t<\/div>\n\t\t<div class=\"elementor-element elementor-element-6f3273f e-flex e-con-boxed e-con e-parent\" data-id=\"6f3273f\" data-element_type=\"container\">\n\t\t\t\t\t<div class=\"e-con-inner\">\n\t\t<div class=\"elementor-element elementor-element-6d10781 e-con-full e-flex e-con e-child\" data-id=\"6d10781\" data-element_type=\"container\">\n\t\t\t\t<div class=\"elementor-element elementor-element-9907efd elementor-widget elementor-widget-image\" data-id=\"9907efd\" data-element_type=\"widget\" data-widget_type=\"image.default\">\n\t\t\t\t<div class=\"elementor-widget-container\">\n\t\t\t\t\t\t\t\t\t\t\t\t\t<img decoding=\"async\" width=\"667\" height=\"1000\" src=\"https:\/\/deganic.org\/wp-content\/uploads\/2024\/10\/arno-senoner-H7rBLuD85Tg-unsplash.jpg\" class=\"attachment-large size-large wp-image-2073\" alt=\"\" srcset=\"https:\/\/deganic.org\/wp-content\/uploads\/2024\/10\/arno-senoner-H7rBLuD85Tg-unsplash.jpg 667w, https:\/\/deganic.org\/wp-content\/uploads\/2024\/10\/arno-senoner-H7rBLuD85Tg-unsplash-200x300.jpg 200w, https:\/\/deganic.org\/wp-content\/uploads\/2024\/10\/arno-senoner-H7rBLuD85Tg-unsplash-8x12.jpg 8w, https:\/\/deganic.org\/wp-content\/uploads\/2024\/10\/arno-senoner-H7rBLuD85Tg-unsplash-179x268.jpg 179w\" sizes=\"(max-width: 667px) 100vw, 667px\" \/>\t\t\t\t\t\t\t\t\t\t\t\t\t<\/div>\n\t\t\t\t<\/div>\n\t\t\t\t<\/div>\n\t\t<div class=\"elementor-element elementor-element-d82dd23 e-con-full e-flex e-con e-child\" data-id=\"d82dd23\" data-element_type=\"container\">\n\t\t\t\t<div class=\"elementor-element elementor-element-b33e098 elementor-widget elementor-widget-image\" data-id=\"b33e098\" data-element_type=\"widget\" data-widget_type=\"image.default\">\n\t\t\t\t<div class=\"elementor-widget-container\">\n\t\t\t\t\t\t\t\t\t\t\t\t\t<img decoding=\"async\" width=\"666\" height=\"1000\" src=\"https:\/\/deganic.org\/wp-content\/uploads\/2024\/10\/arno-senoner-ynvV5b4zZM0-unsplash.jpg\" class=\"attachment-large size-large wp-image-2074\" alt=\"\" srcset=\"https:\/\/deganic.org\/wp-content\/uploads\/2024\/10\/arno-senoner-ynvV5b4zZM0-unsplash.jpg 666w, https:\/\/deganic.org\/wp-content\/uploads\/2024\/10\/arno-senoner-ynvV5b4zZM0-unsplash-200x300.jpg 200w, https:\/\/deganic.org\/wp-content\/uploads\/2024\/10\/arno-senoner-ynvV5b4zZM0-unsplash-8x12.jpg 8w, https:\/\/deganic.org\/wp-content\/uploads\/2024\/10\/arno-senoner-ynvV5b4zZM0-unsplash-178x268.jpg 178w\" sizes=\"(max-width: 666px) 100vw, 666px\" \/>\t\t\t\t\t\t\t\t\t\t\t\t\t<\/div>\n\t\t\t\t<\/div>\n\t\t\t\t<\/div>\n\t\t\t\t\t<\/div>\n\t\t\t\t<\/div>\n\t\t<div class=\"elementor-element elementor-element-21f6439 e-flex e-con-boxed e-con e-parent\" data-id=\"21f6439\" data-element_type=\"container\">\n\t\t\t\t\t<div class=\"e-con-inner\">\n\t\t<div class=\"elementor-element elementor-element-88b7514 e-con-full e-flex e-con e-child\" data-id=\"88b7514\" data-element_type=\"container\">\n\t\t\t\t<div class=\"elementor-element elementor-element-94b9913 elementor-widget elementor-widget-text-editor\" data-id=\"94b9913\" data-element_type=\"widget\" data-widget_type=\"text-editor.default\">\n\t\t\t\t<div class=\"elementor-widget-container\">\n\t\t\t\t\t\t\t<h4 class=\"wp-block-heading\"><strong>Conclusi\u00f3n: Su socio en en la distribuci\u00f3n mundial de productos.<\/strong><\/h4><p>En una industria en la que todo se trata de tiempo y calidad, nuestras soluciones log\u00edsticas perfectas proporcionan el alcance global y la confiabilidad necesarios para tener \u00e9xito. Ya seas un cultivador buscando expandirse a nuevos mercados o un minorista que busca una entrega constante de productos frescos, somos su socio de confianza. Con soluciones de env\u00edo personalizadas y un compromiso con la excelencia, nos aseguramos de que sus productos lleguen a su destino en perfectas condiciones.<\/p><p>El\u00edjanos para sus necesidades de distribuci\u00f3n global de productos y experimente la diferencia que puede generar una log\u00edstica fluida.<\/p>\t\t\t\t\t\t<\/div>\n\t\t\t\t<\/div>\n\t\t\t\t<\/div>\n\t\t\t\t\t<\/div>\n\t\t\t\t<\/div>\n\t\t\t\t<\/div>","protected":false},"excerpt":{"rendered":"<p>Elevating Fresh Produce Distribution: Global Reach with Seamless Logistics In today\u2019s fast-paced world, the ability to move fresh produce swiftly and efficiently across global [&hellip;]<\/p>","protected":false},"author":1,"featured_media":0,"parent":0,"menu_order":0,"comment_status":"closed","ping_status":"closed","template":"elementor_theme","meta":{"_acf_changed":false,"footnotes":""},"class_list":["post-2056","page","type-page","status-publish","hentry"],"acf":[],"_links":{"self":[{"href":"https:\/\/deganic.org\/es\/wp-json\/wp\/v2\/pages\/2056","targetHints":{"allow":["GET"]}}],"collection":[{"href":"https:\/\/deganic.org\/es\/wp-json\/wp\/v2\/pages"}],"about":[{"href":"https:\/\/deganic.org\/es\/wp-json\/wp\/v2\/types\/page"}],"author":[{"embeddable":true,"href":"https:\/\/deganic.org\/es\/wp-json\/wp\/v2\/users\/1"}],"replies":[{"embeddable":true,"href":"https:\/\/deganic.org\/es\/wp-json\/wp\/v2\/comments?post=2056"}],"version-history":[{"count":10,"href":"https:\/\/deganic.org\/es\/wp-json\/wp\/v2\/pages\/2056\/revisions"}],"predecessor-version":[{"id":2180,"href":"https:\/\/deganic.org\/es\/wp-json\/wp\/v2\/pages\/2056\/revisions\/2180"}],"wp:attachment":[{"href":"https:\/\/deganic.org\/es\/wp-json\/wp\/v2\/media?parent=2056"}],"curies":[{"name":"wp","href":"https:\/\/api.w.org\/{rel}","templated":true}]}}