{"id":920,"date":"2022-06-03T17:17:32","date_gmt":"2022-06-03T17:17:32","guid":{"rendered":"https:\/\/theme.madsparrow.me\/nicex\/?page_id=920"},"modified":"2024-10-16T21:07:29","modified_gmt":"2024-10-16T21:07:29","slug":"about-me","status":"publish","type":"page","link":"https:\/\/deganic.org\/es\/about-me\/","title":{"rendered":"About Me"},"content":{"rendered":"<div data-elementor-type=\"wp-page\" data-elementor-id=\"920\" class=\"elementor elementor-920\">\n\t\t\t\t\t\t<section class=\"elementor-section elementor-top-section elementor-element elementor-element-68924aa elementor-section-full_width elementor-section-height-min-height elementor-section-height-default elementor-section-items-middle\" data-id=\"68924aa\" data-element_type=\"section\">\n\t\t\t\t\t\t<div class=\"elementor-container elementor-column-gap-custom\">\n\t\t\t\t\t<div class=\"elementor-column elementor-col-100 elementor-top-column elementor-element elementor-element-8e196ca\" data-id=\"8e196ca\" data-element_type=\"column\">\n\t\t\t<div class=\"elementor-widget-wrap elementor-element-populated\">\n\t\t\t\t\t\t<section class=\"elementor-section elementor-inner-section elementor-element elementor-element-b5294fd elementor-section-full_width elementor-section-height-min-height elementor-reverse-mobile elementor-reverse-tablet elementor-section-height-default\" data-id=\"b5294fd\" data-element_type=\"section\">\n\t\t\t\t\t\t<div class=\"elementor-container elementor-column-gap-no\">\n\t\t\t\t\t<div class=\"elementor-column elementor-col-50 elementor-inner-column elementor-element elementor-element-f64d004 has-stretch-block to-left\" data-id=\"f64d004\" data-element_type=\"column\">\n\t\t\t<div class=\"elementor-widget-wrap elementor-element-populated\">\n\t\t\t\t\t\t<div class=\"elementor-element elementor-element-2b07790 elementor-widget elementor-widget-heading\" data-id=\"2b07790\" data-element_type=\"widget\" data-widget_type=\"heading.default\">\n\t\t\t\t<div class=\"elementor-widget-container\">\n\t\t\t<h2 class=\"elementor-heading-title elementor-size-default\">Descubre la esencia de la frescura.\n<\/h2>\t\t<\/div>\n\t\t\t\t<\/div>\n\t\t\t\t<div class=\"elementor-element elementor-element-ff9e61a elementor-widget elementor-widget-text-editor\" data-id=\"ff9e61a\" data-element_type=\"widget\" data-widget_type=\"text-editor.default\">\n\t\t\t\t<div class=\"elementor-widget-container\">\n\t\t\t\t\t\t\tBienvenidos a Deganic. Somos el principal exportador de Egipto de productos frescos, org\u00e1nicos y convencionales. Desde el primer d\u00eda de 2017, nos hemos dedicado a cultivar y entregar las mejores frutas y verduras desde nuestras f\u00e9rtiles tierras egipcias hasta las mesas de todo el mundo. Nuestro compromiso con la excelencia, la sostenibilidad y la innovaci\u00f3n, est\u00e1 respaldado por las certificaciones Global G.A.P. y la certificaci\u00f3n org\u00e1nica. De este modo, nos aseguramos de que ustedes reciben solo lo mejor.\n\t\t\t\t\t\t<\/div>\n\t\t\t\t<\/div>\n\t\t\t\t<div class=\"elementor-element elementor-element-9a24d79 elementor-hidden-desktop elementor-hidden-tablet elementor-widget elementor-widget-image\" data-id=\"9a24d79\" data-element_type=\"widget\" data-widget_type=\"image.default\">\n\t\t\t\t<div class=\"elementor-widget-container\">\n\t\t\t\t\t\t\t\t\t\t\t\t\t<img fetchpriority=\"high\" decoding=\"async\" width=\"1600\" height=\"2400\" src=\"https:\/\/deganic.org\/wp-content\/uploads\/2024\/10\/About-us.png\" class=\"attachment-full size-full wp-image-2210\" alt=\"\" srcset=\"https:\/\/deganic.org\/wp-content\/uploads\/2024\/10\/About-us.png 1600w, https:\/\/deganic.org\/wp-content\/uploads\/2024\/10\/About-us-200x300.png 200w, https:\/\/deganic.org\/wp-content\/uploads\/2024\/10\/About-us-683x1024.png 683w, https:\/\/deganic.org\/wp-content\/uploads\/2024\/10\/About-us-768x1152.png 768w, https:\/\/deganic.org\/wp-content\/uploads\/2024\/10\/About-us-1024x1536.png 1024w, https:\/\/deganic.org\/wp-content\/uploads\/2024\/10\/About-us-1365x2048.png 1365w, https:\/\/deganic.org\/wp-content\/uploads\/2024\/10\/About-us-8x12.png 8w, https:\/\/deganic.org\/wp-content\/uploads\/2024\/10\/About-us-179x268.png 179w, https:\/\/deganic.org\/wp-content\/uploads\/2024\/10\/About-us-1120x1680.png 1120w\" sizes=\"(max-width: 1600px) 100vw, 1600px\" \/>\t\t\t\t\t\t\t\t\t\t\t\t\t<\/div>\n\t\t\t\t<\/div>\n\t\t\t\t<div class=\"elementor-element elementor-element-e4cd1a0 elementor-widget elementor-widget-heading\" data-id=\"e4cd1a0\" data-element_type=\"widget\" data-widget_type=\"heading.default\">\n\t\t\t\t<div class=\"elementor-widget-container\">\n\t\t\t<h3 class=\"elementor-heading-title elementor-size-default\">\u00bfQui\u00e9nes somos?<\/h3>\t\t<\/div>\n\t\t\t\t<\/div>\n\t\t\t\t<div class=\"elementor-element elementor-element-7205958 elementor-widget elementor-widget-text-editor\" data-id=\"7205958\" data-element_type=\"widget\" data-widget_type=\"text-editor.default\">\n\t\t\t\t<div class=\"elementor-widget-container\">\n\t\t\t\t\t\t\t<p>En Deganic combinamos pasi\u00f3n y experiencia para traerles los productos m\u00e1s frescos. Nuestra trayectoria comienza en las f\u00e9rtiles tierras de Egipto. Nuestros expertos agricultores utilizan pr\u00e1cticas sostenibles para cultivar una amplia gama de frutas y verduras. Desde el cultivo hasta la cosecha, tomamos cada medida con cuidado para mantener la m\u00e1xima calidad.<\/p>\t\t\t\t\t\t<\/div>\n\t\t\t\t<\/div>\n\t\t\t\t<div class=\"elementor-element elementor-element-166b615 elementor-widget elementor-widget-text-editor\" data-id=\"166b615\" data-element_type=\"widget\" data-widget_type=\"text-editor.default\">\n\t\t\t\t<div class=\"elementor-widget-container\">\n\t\t\t\t\t\t\t<p>Nuestro equipo est\u00e1 formado por agricultores expertos, controladores de calidad meticulosos, y expertos en log\u00edstica. Juntos, nos aseguramos de que cada producto est\u00e1 cultivado con esmero y entregado a ustedes en su mejor estado. Los productos de Deganic est\u00e1n causando revuelo en el mercado Europeo, ya que traen el sabor de Egipto al continente.<\/p>\t\t\t\t\t\t<\/div>\n\t\t\t\t<\/div>\n\t\t\t\t\t<\/div>\n\t\t<\/div>\n\t\t\t\t<div class=\"elementor-column elementor-col-50 elementor-inner-column elementor-element elementor-element-86e0a38 has-sticky-column has-stretch-block has-reset-mobile to-left\" data-id=\"86e0a38\" data-element_type=\"column\">\n\t\t\t<div class=\"elementor-widget-wrap elementor-element-populated\">\n\t\t\t\t\t\t<div class=\"elementor-element elementor-element-66cc4da elementor-hidden-mobile elementor-widget elementor-widget-image\" data-id=\"66cc4da\" data-element_type=\"widget\" data-widget_type=\"image.default\">\n\t\t\t\t<div class=\"elementor-widget-container\">\n\t\t\t\t\t\t\t\t\t\t\t\t\t<img fetchpriority=\"high\" decoding=\"async\" width=\"1600\" height=\"2400\" src=\"https:\/\/deganic.org\/wp-content\/uploads\/2024\/10\/About-us.png\" class=\"attachment-full size-full wp-image-2210\" alt=\"\" srcset=\"https:\/\/deganic.org\/wp-content\/uploads\/2024\/10\/About-us.png 1600w, https:\/\/deganic.org\/wp-content\/uploads\/2024\/10\/About-us-200x300.png 200w, https:\/\/deganic.org\/wp-content\/uploads\/2024\/10\/About-us-683x1024.png 683w, https:\/\/deganic.org\/wp-content\/uploads\/2024\/10\/About-us-768x1152.png 768w, https:\/\/deganic.org\/wp-content\/uploads\/2024\/10\/About-us-1024x1536.png 1024w, https:\/\/deganic.org\/wp-content\/uploads\/2024\/10\/About-us-1365x2048.png 1365w, https:\/\/deganic.org\/wp-content\/uploads\/2024\/10\/About-us-8x12.png 8w, https:\/\/deganic.org\/wp-content\/uploads\/2024\/10\/About-us-179x268.png 179w, https:\/\/deganic.org\/wp-content\/uploads\/2024\/10\/About-us-1120x1680.png 1120w\" sizes=\"(max-width: 1600px) 100vw, 1600px\" \/>\t\t\t\t\t\t\t\t\t\t\t\t\t<\/div>\n\t\t\t\t<\/div>\n\t\t\t\t\t<\/div>\n\t\t<\/div>\n\t\t\t\t\t<\/div>\n\t\t<\/section>\n\t\t\t\t\t<\/div>\n\t\t<\/div>\n\t\t\t\t\t<\/div>\n\t\t<\/section>\n\t\t\t\t<\/div>","protected":false},"excerpt":{"rendered":"<p>Discover the Essence of Freshness Welcome to Deganic, Egypt\u2019s leading exporter of fresh, organic, and conventional produce. Since our inception in 2017, we have [&hellip;]<\/p>","protected":false},"author":1,"featured_media":0,"parent":0,"menu_order":0,"comment_status":"closed","ping_status":"closed","template":"page-custom.php","meta":{"_acf_changed":false,"footnotes":""},"class_list":["post-920","page","type-page","status-publish","hentry"],"acf":{"full_width":true,"header_transparent":false},"_links":{"self":[{"href":"https:\/\/deganic.org\/es\/wp-json\/wp\/v2\/pages\/920","targetHints":{"allow":["GET"]}}],"collection":[{"href":"https:\/\/deganic.org\/es\/wp-json\/wp\/v2\/pages"}],"about":[{"href":"https:\/\/deganic.org\/es\/wp-json\/wp\/v2\/types\/page"}],"author":[{"embeddable":true,"href":"https:\/\/deganic.org\/es\/wp-json\/wp\/v2\/users\/1"}],"replies":[{"embeddable":true,"href":"https:\/\/deganic.org\/es\/wp-json\/wp\/v2\/comments?post=920"}],"version-history":[{"count":37,"href":"https:\/\/deganic.org\/es\/wp-json\/wp\/v2\/pages\/920\/revisions"}],"predecessor-version":[{"id":2219,"href":"https:\/\/deganic.org\/es\/wp-json\/wp\/v2\/pages\/920\/revisions\/2219"}],"wp:attachment":[{"href":"https:\/\/deganic.org\/es\/wp-json\/wp\/v2\/media?parent=920"}],"curies":[{"name":"wp","href":"https:\/\/api.w.org\/{rel}","templated":true}]}}